{"id":2085,"date":"2026-02-16T23:59:06","date_gmt":"2026-02-16T22:59:06","guid":{"rendered":"https:\/\/tomago.net\/wordpress\/?p=2085"},"modified":"2026-02-22T23:53:17","modified_gmt":"2026-02-22T22:53:17","slug":"popis-radionica","status":"publish","type":"page","link":"https:\/\/tomago.net\/wordpress\/popis-radionica\/","title":{"rendered":"Popis toMAgo radionica"},"content":{"rendered":"<h2>2026.<\/h2>\n<p><a href=\"https:\/\/www.kgz.hr\/hr\/knjiznice\/knjiznica-kajfesov-brijeg\/94\" target=\"_blank\" rel=\"noopener\">Knji\u017enica Kajfe\u0161ov brijeg<\/a>, 18.2.2026. (<a href=\"\/wordpress\/tag\/RAD-0004\">RAD-0004<\/a>) (voditeljice Ankica Krizmani\u0107 i Ljubica Dabac) <a href=\"https:\/\/www.facebook.com\/groups\/tomagoradionice\/permalink\/2128757627862096\/\" target=\"_blank\" rel=\"noopener\">Fotografije<\/a><\/p>\n<h2>2023.<\/h2>\n<p><a href=\"https:\/\/www.kgz.hr\/hr\/knjiznice\/knjiznica-spansko-jug\/98\" target=\"_blank\" rel=\"noopener\">Knji\u017enica \u0160pansko<\/a>, 23.3.2023. (<a href=\"https:\/\/tomago.net\/wordpress\/tag\/RAD-0003\">RAD-0003<\/a>) <a href=\"https:\/\/photos.app.goo.gl\/C4AqNV8QN4fYZ9NJ6\" target=\"_blank\" rel=\"noopener\">Fotografije<\/a><\/p>\n<p><a href=\"https:\/\/tomago.net\/wordpress\/tomago-radionica-u-mraclinu-12-ozujka-2023\/\">Mraclin, KUD Du\u010dec, 12.3.2023.<\/a> [<a href=\"https:\/\/tomago.net\/wordpress\/tag\/RAD-0002\">RAD-0002<\/a>] <a href=\"https:\/\/photos.app.goo.gl\/PaCQbU2XXYBzM7rn6\" target=\"_blank\" rel=\"noopener\">Fotografije<\/a><\/p>\n<h2>2022.<\/h2>\n<p>Nepoznata lokacija, 14.11.2022. [RAD-0001] <a href=\"https:\/\/photos.app.goo.gl\/bnYDGTobyjF4Fdmg9\" target=\"_blank\" rel=\"noopener\">Fotografije<\/a><\/p>\n<p>Radionica u Udruzi Ku\u0107a dijaloga, 28.1.2022. [RAD-0014]<\/p>\n<h2>2018.<\/h2>\n<p>Udruga umirovljenika Stara Tre\u0161njevka, 20.11.2018. (RAD-0002)<\/p>\n<h2>2016.<\/h2>\n<p>Vara\u017edinska \u017eupanija &#8211; radionica za voditelje u\u010deni\u010dkih zadruga, 26.11.2016. [RAD-0012] <a href=\"https:\/\/photos.app.goo.gl\/9sSmU4VZjuC7YFTp9\" target=\"_blank\" rel=\"noopener\">Fotografije<\/a><\/p>\n<p>Zagreb, Botani\u010dki vrt PMF-a, 9.10.2016. (RAD-0011)<\/p>\n<p>Paviljon Botani\u010dkog vrta, 17.9.2016. [RAD-0015] <a href=\"https:\/\/photos.google.com\/share\/AF1QipNyD8zv9waqIESitNofw6BhbPT5ttdzWGsBE4EELIF33W0RZGlEk7wLXeI5-Lv5Iw?key=dFZISWttczV1NjQ3eWNwZkx2RW00NHFrOVBoQnhn\" target=\"_blank\" rel=\"noopener\">Fotografije<\/a><\/p>\n<p>Zagreb, Botani\u010dki vrt PMF-a, 11.9.2016. (RAD-0010)<\/p>\n<p>Zagreb, Botani\u010dki vrt PMF-a, 10.7.2016. (RAD-0009)<\/p>\n<h2>2010.<\/h2>\n<p>Zagreb, Botani\u010dki vrt PMF-a, 13.6.2010. (RAD-0008)<\/p>\n<p>Zagreb, <a href=\"https:\/\/botanickivrt.biol.pmf.hr\/\" target=\"_blank\" rel=\"noopener\">Botani\u010dki vrt PMF-a<\/a>, 12.6.2010. (RAD-0007)<\/p>\n<p>Zagreb, <a href=\"https:\/\/botanickivrt.biol.pmf.hr\/\" target=\"_blank\" rel=\"noopener\">Botani\u010dki vrt PMF-a<\/a>, 8.5.2010. (RAD-0006)<\/p>\n<p><em>Zagreb<\/em>, <a href=\"http:\/\/www.tifloloskimuzej.hr\/\" target=\"_blank\" rel=\"noopener\">Tiflolo\u0161ki muzej<\/a>, Radionica &#8220;<strong><a href=\"http:\/\/www.tomago.net\/media\/Ponos_i_predrasude.pdf\">Ponos i predrasude<\/a><\/strong>&#8221;<\/p>\n<p>Botani\u010dki vrt PMF-a, 11.4.2010. <a href=\"https:\/\/www.facebook.com\/media\/set?set=a.382522409217&amp;type=3\" target=\"_blank\" rel=\"noopener\">Fotografije<\/a><\/p>\n<p>Botani\u010dki vrt PMF-a, 10.4.2010. <a href=\"https:\/\/www.facebook.com\/media\/set?set=a.382716854217&amp;type=3\" target=\"_blank\" rel=\"noopener\">Fotografije<\/a><\/p>\n<h2>2005.<\/h2>\n<p><em>Zagreb<\/em>, Niz radionica za napredne, te za po\u010detnike, odrasle.<\/p>\n<p><strong>2004.<\/strong><br \/>\n<em>Topusko<\/em>, <a href=\"http:\/\/www.knjiznica.hr\/topusko\" target=\"_blank\" rel=\"noopener\">Gradska knji\u017enica i \u010ditaonica<\/a><\/p>\n<p><img loading=\"lazy\" decoding=\"async\" class=\"size-full wp-image-8 alignright\" src=\"https:\/\/tomago.net\/wordpress\/wp-content\/uploads\/2018\/03\/RAD3_TrgBanaJelacica.jpg\" alt=\"Radionica, Trg bana Jela\u010di\u0107a\" width=\"300\" height=\"207\" \/><strong>2003.<\/strong><br \/>\n<em>Zagreb<\/em>, <a href=\"http:\/\/www.kuctravno.hr\/hr\/o-nama.html\" target=\"_blank\" rel=\"noopener\">Me\u0111unarodni centar za usluge u kulturi<\/a><br \/>\n<em>Hrvatska Dubica<\/em>, <a href=\"http:\/\/knjiznice.nsk.hr\/hrvatska-dubica\/\" target=\"_blank\" rel=\"noopener\">Narodna knji\u017enica i \u010ditaonica<\/a><br \/>\n<em>Hrvatska Kostajnica<\/em>, Gradska knji\u017enica i \u010ditaonica<br \/>\n<em>Zagreb<\/em>, Grupa 69<br \/>\n<em>Zagreb<\/em>, Trg Bana Jela\u010di\u0107a<\/p>\n<p><strong>2002.<\/strong><br \/>\nZagreb, Knji\u017enica Vjekoslava Majera<\/p>\n<p><strong>2001.<\/strong><br \/>\nZagreb, Etnografski muzej (radionica za sudionike 86. svjetskog kongresa<br \/>\nesperantista)<\/p>\n<p><strong>1998.<\/strong><br \/>\nDubrovnik, Salon od zrcala<br \/>\nDubrovnik, Dubrova\u010dka knji\u017enica<\/p>\n<p><strong>1997.<\/strong><br \/>\nOpatija, Gradska knji\u017enica i \u010ditaonica<br \/>\nZagreb, Gradska knji\u017enica<br \/>\nDonja Stubica, Narodno sveu\u010dili\u0161te i Osnovna \u0161kola<\/p>\n<p><strong>1996.<\/strong><br \/>\nZagreb, Knji\u017enica Dugave<br \/>\nZagreb, Knji\u017enica \u0160pansko<\/p>\n<p><strong>1995.<\/strong><br \/>\nMa\u0111arska, Nagyat\u00e1d, Muvedolesi Haz<br \/>\nMa\u0111arska, P\u00e9cs, Hrvatski klub &#8220;August \u0160enoa&#8221;<br \/>\nZagreb, Knji\u017enica Travno<\/p>\n<p><strong><img loading=\"lazy\" decoding=\"async\" class=\"size-full wp-image-11 alignright\" src=\"https:\/\/tomago.net\/wordpress\/wp-content\/uploads\/2018\/03\/RAD2_KongresEsperantista.jpg\" alt=\"Radionica - kongres esperantista\" width=\"300\" height=\"203\" \/>1994.<\/strong><br \/>\nOsijek, Osnovna \u0161kola &#8220;Tin Ujevi\u0107&#8221;<br \/>\nOsijek, Tehni\u010dka \u0161kola (elektro i strojarstvo)<br \/>\nOsijek, Tekstilna \u0161kola<br \/>\nOsijek, Osnovna \u0161kola &#8220;Grigor Vitez&#8221;<\/p>\n<p><strong>1990.<\/strong><br \/>\nZagreb, <a href=\"http:\/\/hirc.botanic.hr\/vrt\/hrv\/naslovna%20strana.htm\" target=\"_blank\" rel=\"noopener\">Botani\u010dki vrt PMF-a<\/a><\/p>\n<p><strong>1987.<\/strong><br \/>\nZagreb, Centar za odgoj i obrazovanje &#8220;Slava Ra\u0161kaj&#8221;<br \/>\nZagreb, Galerija Ravnice 1988<br \/>\nNizozemska, Amsterdam Galerie t&#8217;Lispunt<br \/>\nNizozemska, Amsterdam, Klub Jugoslavena<\/p>\n<p><strong>1986.<\/strong><br \/>\nZagreb, Galerija MZ &#8220;Bra\u0107a Ribar&#8221;<\/p>\n<p><strong>1985.<\/strong><br \/>\nZagreb, Galerija &#8220;Trikulium&#8221;<br \/>\nZagreb, Galerija RO Dukat<br \/>\nKardeljevo, Dom kulture<br \/>\nStari Grad, Dom kulture<\/p>\n<p><strong><img loading=\"lazy\" decoding=\"async\" class=\"size-full wp-image-12 alignright\" src=\"https:\/\/tomago.net\/wordpress\/wp-content\/uploads\/2018\/03\/RAD1_VjekoslavMajer.jpg\" alt=\"Radionica u knji\u017enici Vjekoslava Majera\" width=\"300\" height=\"208\" \/>1984.<\/strong><br \/>\nSisak, Narodna knji\u017enica i \u010ditaonica<\/p>\n<p><strong>1983.<\/strong><br \/>\nDaruvar, Dom kulture<br \/>\nVrboska (otok Hvar), Galerija Lucije Matkovi\u0107<\/p>\n<p><strong>1982.<\/strong><br \/>\nZagreb, Knji\u017enica &#8220;Vjekoslav Majer&#8221;<br \/>\nCrikvenica, Narodna knji\u017enica i \u010ditaonica<\/p>\n","protected":false},"excerpt":{"rendered":"<p>2026. Knji\u017enica Kajfe\u0161ov brijeg, 18.2.2026. (RAD-0004) (voditeljice Ankica Krizmani\u0107 i Ljubica Dabac) Fotografije 2023. Knji\u017enica \u0160pansko, 23.3.2023. (RAD-0003) Fotografije Mraclin, [&hellip;]<\/p>\n","protected":false},"author":1,"featured_media":0,"parent":0,"menu_order":0,"comment_status":"closed","ping_status":"closed","template":"","meta":{"site-sidebar-layout":"default","site-content-layout":"","ast-site-content-layout":"default","site-content-style":"default","site-sidebar-style":"default","ast-global-header-display":"","ast-banner-title-visibility":"","ast-main-header-display":"","ast-hfb-above-header-display":"","ast-hfb-below-header-display":"","ast-hfb-mobile-header-display":"","site-post-title":"","ast-breadcrumbs-content":"","ast-featured-img":"","footer-sml-layout":"","theme-transparent-header-meta":"default","adv-header-id-meta":"","stick-header-meta":"","header-above-stick-meta":"","header-main-stick-meta":"","header-below-stick-meta":"","astra-migrate-meta-layouts":"set","ast-page-background-enabled":"default","ast-page-background-meta":{"desktop":{"background-color":"var(--ast-global-color-5)","background-image":"","background-repeat":"repeat","background-position":"center center","background-size":"auto","background-attachment":"scroll","background-type":"","background-media":"","overlay-type":"","overlay-color":"","overlay-opacity":"","overlay-gradient":""},"tablet":{"background-color":"","background-image":"","background-repeat":"repeat","background-position":"center center","background-size":"auto","background-attachment":"scroll","background-type":"","background-media":"","overlay-type":"","overlay-color":"","overlay-opacity":"","overlay-gradient":""},"mobile":{"background-color":"","background-image":"","background-repeat":"repeat","background-position":"center center","background-size":"auto","background-attachment":"scroll","background-type":"","background-media":"","overlay-type":"","overlay-color":"","overlay-opacity":"","overlay-gradient":""}},"ast-content-background-meta":{"desktop":{"background-color":"var(--ast-global-color-4)","background-image":"","background-repeat":"repeat","background-position":"center center","background-size":"auto","background-attachment":"scroll","background-type":"","background-media":"","overlay-type":"","overlay-color":"","overlay-opacity":"","overlay-gradient":""},"tablet":{"background-color":"var(--ast-global-color-4)","background-image":"","background-repeat":"repeat","background-position":"center center","background-size":"auto","background-attachment":"scroll","background-type":"","background-media":"","overlay-type":"","overlay-color":"","overlay-opacity":"","overlay-gradient":""},"mobile":{"background-color":"var(--ast-global-color-4)","background-image":"","background-repeat":"repeat","background-position":"center center","background-size":"auto","background-attachment":"scroll","background-type":"","background-media":"","overlay-type":"","overlay-color":"","overlay-opacity":"","overlay-gradient":""}},"two_page_speed":[],"footnotes":""},"class_list":["post-2085","page","type-page","status-publish","hentry"],"yoast_head":"<!-- This site is optimized with the Yoast SEO plugin v26.5 - https:\/\/yoast.com\/wordpress\/plugins\/seo\/ -->\n<title>Popis toMAgo radionica - toMAgo<\/title>\n<meta name=\"robots\" content=\"index, follow, max-snippet:-1, max-image-preview:large, max-video-preview:-1\" \/>\n<link rel=\"canonical\" href=\"https:\/\/tomago.net\/wordpress\/popis-radionica\/\" \/>\n<meta property=\"og:locale\" content=\"hr_HR\" \/>\n<meta property=\"og:type\" content=\"article\" \/>\n<meta property=\"og:title\" content=\"Popis toMAgo radionica - toMAgo\" \/>\n<meta property=\"og:description\" content=\"2026. Knji\u017enica Kajfe\u0161ov brijeg, 18.2.2026. (RAD-0004) (voditeljice Ankica Krizmani\u0107 i Ljubica Dabac) Fotografije 2023. Knji\u017enica \u0160pansko, 23.3.2023. (RAD-0003) Fotografije Mraclin, [&hellip;]\" \/>\n<meta property=\"og:url\" content=\"https:\/\/tomago.net\/wordpress\/popis-radionica\/\" \/>\n<meta property=\"og:site_name\" content=\"toMAgo\" \/>\n<meta property=\"article:modified_time\" content=\"2026-02-22T22:53:17+00:00\" \/>\n<meta property=\"og:image\" content=\"http:\/\/tomago.net\/wordpress\/wp-content\/uploads\/2018\/03\/RAD3_TrgBanaJelacica.jpg\" \/>\n<meta name=\"twitter:card\" content=\"summary_large_image\" \/>\n<meta name=\"twitter:label1\" content=\"Procijenjeno vrijeme \u010ditanja\" \/>\n\t<meta name=\"twitter:data1\" content=\"3 minute\" \/>\n<script type=\"application\/ld+json\" class=\"yoast-schema-graph\">{\"@context\":\"https:\/\/schema.org\",\"@graph\":[{\"@type\":\"WebPage\",\"@id\":\"https:\/\/tomago.net\/wordpress\/popis-radionica\/\",\"url\":\"https:\/\/tomago.net\/wordpress\/popis-radionica\/\",\"name\":\"Popis toMAgo radionica - toMAgo\",\"isPartOf\":{\"@id\":\"https:\/\/tomago.net\/wordpress\/#website\"},\"primaryImageOfPage\":{\"@id\":\"https:\/\/tomago.net\/wordpress\/popis-radionica\/#primaryimage\"},\"image\":{\"@id\":\"https:\/\/tomago.net\/wordpress\/popis-radionica\/#primaryimage\"},\"thumbnailUrl\":\"http:\/\/tomago.net\/wordpress\/wp-content\/uploads\/2018\/03\/RAD3_TrgBanaJelacica.jpg\",\"datePublished\":\"2026-02-16T22:59:06+00:00\",\"dateModified\":\"2026-02-22T22:53:17+00:00\",\"breadcrumb\":{\"@id\":\"https:\/\/tomago.net\/wordpress\/popis-radionica\/#breadcrumb\"},\"inLanguage\":\"hr\",\"potentialAction\":[{\"@type\":\"ReadAction\",\"target\":[\"https:\/\/tomago.net\/wordpress\/popis-radionica\/\"]}]},{\"@type\":\"ImageObject\",\"inLanguage\":\"hr\",\"@id\":\"https:\/\/tomago.net\/wordpress\/popis-radionica\/#primaryimage\",\"url\":\"http:\/\/tomago.net\/wordpress\/wp-content\/uploads\/2018\/03\/RAD3_TrgBanaJelacica.jpg\",\"contentUrl\":\"http:\/\/tomago.net\/wordpress\/wp-content\/uploads\/2018\/03\/RAD3_TrgBanaJelacica.jpg\"},{\"@type\":\"BreadcrumbList\",\"@id\":\"https:\/\/tomago.net\/wordpress\/popis-radionica\/#breadcrumb\",\"itemListElement\":[{\"@type\":\"ListItem\",\"position\":1,\"name\":\"Po\u010detna stranica\",\"item\":\"https:\/\/tomago.net\/wordpress\/\"},{\"@type\":\"ListItem\",\"position\":2,\"name\":\"Popis toMAgo radionica\"}]},{\"@type\":\"WebSite\",\"@id\":\"https:\/\/tomago.net\/wordpress\/#website\",\"url\":\"https:\/\/tomago.net\/wordpress\/\",\"name\":\"toMAgo\",\"description\":\"\u010dudesan svijet latica\",\"publisher\":{\"@id\":\"https:\/\/tomago.net\/wordpress\/#\/schema\/person\/0cea4facb1a1b958c7b369f25c79d242\"},\"potentialAction\":[{\"@type\":\"SearchAction\",\"target\":{\"@type\":\"EntryPoint\",\"urlTemplate\":\"https:\/\/tomago.net\/wordpress\/?s={search_term_string}\"},\"query-input\":{\"@type\":\"PropertyValueSpecification\",\"valueRequired\":true,\"valueName\":\"search_term_string\"}}],\"inLanguage\":\"hr\"},{\"@type\":[\"Person\",\"Organization\"],\"@id\":\"https:\/\/tomago.net\/wordpress\/#\/schema\/person\/0cea4facb1a1b958c7b369f25c79d242\",\"name\":\"gigaly\",\"image\":{\"@type\":\"ImageObject\",\"inLanguage\":\"hr\",\"@id\":\"https:\/\/tomago.net\/wordpress\/#\/schema\/person\/image\/\",\"url\":\"https:\/\/tomago.net\/wordpress\/wp-content\/uploads\/2023\/03\/tomago_logo-1.jpg\",\"contentUrl\":\"https:\/\/tomago.net\/wordpress\/wp-content\/uploads\/2023\/03\/tomago_logo-1.jpg\",\"width\":250,\"height\":250,\"caption\":\"gigaly\"},\"logo\":{\"@id\":\"https:\/\/tomago.net\/wordpress\/#\/schema\/person\/image\/\"}}]}<\/script>\n<!-- \/ Yoast SEO plugin. -->","yoast_head_json":{"title":"Popis toMAgo radionica - toMAgo","robots":{"index":"index","follow":"follow","max-snippet":"max-snippet:-1","max-image-preview":"max-image-preview:large","max-video-preview":"max-video-preview:-1"},"canonical":"https:\/\/tomago.net\/wordpress\/popis-radionica\/","og_locale":"hr_HR","og_type":"article","og_title":"Popis toMAgo radionica - toMAgo","og_description":"2026. Knji\u017enica Kajfe\u0161ov brijeg, 18.2.2026. (RAD-0004) (voditeljice Ankica Krizmani\u0107 i Ljubica Dabac) Fotografije 2023. Knji\u017enica \u0160pansko, 23.3.2023. (RAD-0003) Fotografije Mraclin, [&hellip;]","og_url":"https:\/\/tomago.net\/wordpress\/popis-radionica\/","og_site_name":"toMAgo","article_modified_time":"2026-02-22T22:53:17+00:00","og_image":[{"url":"http:\/\/tomago.net\/wordpress\/wp-content\/uploads\/2018\/03\/RAD3_TrgBanaJelacica.jpg","type":"","width":"","height":""}],"twitter_card":"summary_large_image","twitter_misc":{"Procijenjeno vrijeme \u010ditanja":"3 minute"},"schema":{"@context":"https:\/\/schema.org","@graph":[{"@type":"WebPage","@id":"https:\/\/tomago.net\/wordpress\/popis-radionica\/","url":"https:\/\/tomago.net\/wordpress\/popis-radionica\/","name":"Popis toMAgo radionica - toMAgo","isPartOf":{"@id":"https:\/\/tomago.net\/wordpress\/#website"},"primaryImageOfPage":{"@id":"https:\/\/tomago.net\/wordpress\/popis-radionica\/#primaryimage"},"image":{"@id":"https:\/\/tomago.net\/wordpress\/popis-radionica\/#primaryimage"},"thumbnailUrl":"http:\/\/tomago.net\/wordpress\/wp-content\/uploads\/2018\/03\/RAD3_TrgBanaJelacica.jpg","datePublished":"2026-02-16T22:59:06+00:00","dateModified":"2026-02-22T22:53:17+00:00","breadcrumb":{"@id":"https:\/\/tomago.net\/wordpress\/popis-radionica\/#breadcrumb"},"inLanguage":"hr","potentialAction":[{"@type":"ReadAction","target":["https:\/\/tomago.net\/wordpress\/popis-radionica\/"]}]},{"@type":"ImageObject","inLanguage":"hr","@id":"https:\/\/tomago.net\/wordpress\/popis-radionica\/#primaryimage","url":"http:\/\/tomago.net\/wordpress\/wp-content\/uploads\/2018\/03\/RAD3_TrgBanaJelacica.jpg","contentUrl":"http:\/\/tomago.net\/wordpress\/wp-content\/uploads\/2018\/03\/RAD3_TrgBanaJelacica.jpg"},{"@type":"BreadcrumbList","@id":"https:\/\/tomago.net\/wordpress\/popis-radionica\/#breadcrumb","itemListElement":[{"@type":"ListItem","position":1,"name":"Po\u010detna stranica","item":"https:\/\/tomago.net\/wordpress\/"},{"@type":"ListItem","position":2,"name":"Popis toMAgo radionica"}]},{"@type":"WebSite","@id":"https:\/\/tomago.net\/wordpress\/#website","url":"https:\/\/tomago.net\/wordpress\/","name":"toMAgo","description":"\u010dudesan svijet latica","publisher":{"@id":"https:\/\/tomago.net\/wordpress\/#\/schema\/person\/0cea4facb1a1b958c7b369f25c79d242"},"potentialAction":[{"@type":"SearchAction","target":{"@type":"EntryPoint","urlTemplate":"https:\/\/tomago.net\/wordpress\/?s={search_term_string}"},"query-input":{"@type":"PropertyValueSpecification","valueRequired":true,"valueName":"search_term_string"}}],"inLanguage":"hr"},{"@type":["Person","Organization"],"@id":"https:\/\/tomago.net\/wordpress\/#\/schema\/person\/0cea4facb1a1b958c7b369f25c79d242","name":"gigaly","image":{"@type":"ImageObject","inLanguage":"hr","@id":"https:\/\/tomago.net\/wordpress\/#\/schema\/person\/image\/","url":"https:\/\/tomago.net\/wordpress\/wp-content\/uploads\/2023\/03\/tomago_logo-1.jpg","contentUrl":"https:\/\/tomago.net\/wordpress\/wp-content\/uploads\/2023\/03\/tomago_logo-1.jpg","width":250,"height":250,"caption":"gigaly"},"logo":{"@id":"https:\/\/tomago.net\/wordpress\/#\/schema\/person\/image\/"}}]}},"_links":{"self":[{"href":"https:\/\/tomago.net\/wordpress\/wp-json\/wp\/v2\/pages\/2085","targetHints":{"allow":["GET"]}}],"collection":[{"href":"https:\/\/tomago.net\/wordpress\/wp-json\/wp\/v2\/pages"}],"about":[{"href":"https:\/\/tomago.net\/wordpress\/wp-json\/wp\/v2\/types\/page"}],"author":[{"embeddable":true,"href":"https:\/\/tomago.net\/wordpress\/wp-json\/wp\/v2\/users\/1"}],"replies":[{"embeddable":true,"href":"https:\/\/tomago.net\/wordpress\/wp-json\/wp\/v2\/comments?post=2085"}],"version-history":[{"count":20,"href":"https:\/\/tomago.net\/wordpress\/wp-json\/wp\/v2\/pages\/2085\/revisions"}],"predecessor-version":[{"id":2242,"href":"https:\/\/tomago.net\/wordpress\/wp-json\/wp\/v2\/pages\/2085\/revisions\/2242"}],"wp:attachment":[{"href":"https:\/\/tomago.net\/wordpress\/wp-json\/wp\/v2\/media?parent=2085"}],"curies":[{"name":"wp","href":"https:\/\/api.w.org\/{rel}","templated":true}]}}