{"id":2121,"date":"2026-02-20T11:17:21","date_gmt":"2026-02-20T10:17:21","guid":{"rendered":"https:\/\/tomago.net\/wordpress\/?page_id=2121"},"modified":"2026-03-28T17:35:58","modified_gmt":"2026-03-28T16:35:58","slug":"tomago-radionice","status":"publish","type":"page","link":"https:\/\/tomago.net\/wordpress\/tomago-radionice\/","title":{"rendered":"toMAgo radionice"},"content":{"rendered":"<p>toMAgo minijature Marije Igaly od svojih su po\u010detaka izazivale velik interes i brojna pitanja. Svoju jedinstvenu tehniku autorica je rado dijelila s drugima, vjeruju\u0107i da umjetnost treba biti otvorena i dostupna svima.<\/p>\n<p>Vo\u0111ena tom idejom, odr\u017eala je brojne radionice za sve dobne skupine te educirala voditeljice koje danas samostalno nastavljaju tradiciju toMAgo radionica.<\/p>\n<p>Radionice se redovito odr\u017eavaju, a mogu\u0107e ih je organizirati i u va\u0161em prostoru. Preporu\u010deni broj sudionika je do 10 osoba kako bi se svakome mogla posvetiti potrebna pa\u017enja.<\/p>\n<p>Radujemo se susretu na nekoj od toMAgo radionica!<\/p>\n<section class=\"hero-section\">\n<div class=\"hero-content\">\n<div class=\"tomago-buttons\" ><a class=\"tomago-btn primary\" href=\"\/wordpress\/kontakt\">Kontakt za organizaciju radionica<\/a><\/div>\n<p>&nbsp;<\/p>\n<div class=\"class=\"hero-buttons\"><a class=\"tomago-btn secondary\" href=\"\/wordpress\/popis-radionica\">Popis radionica<\/a><\/div>\n<p>&nbsp;<\/p>\n<div class=\"tomago-buttons\"><a class=\"tomago-btn tertiary\" href=\"\/wordpress\">Po\u010detna<\/a><\/div>\n<\/div>\n<\/section>\n","protected":false},"excerpt":{"rendered":"<p>toMAgo minijature Marije Igaly od svojih su po\u010detaka izazivale velik interes i brojna pitanja. Svoju jedinstvenu tehniku autorica je rado [&hellip;]<\/p>\n","protected":false},"author":1,"featured_media":0,"parent":0,"menu_order":0,"comment_status":"closed","ping_status":"closed","template":"","meta":{"site-sidebar-layout":"default","site-content-layout":"","ast-site-content-layout":"default","site-content-style":"default","site-sidebar-style":"default","ast-global-header-display":"","ast-banner-title-visibility":"","ast-main-header-display":"","ast-hfb-above-header-display":"","ast-hfb-below-header-display":"","ast-hfb-mobile-header-display":"","site-post-title":"","ast-breadcrumbs-content":"","ast-featured-img":"","footer-sml-layout":"","theme-transparent-header-meta":"default","adv-header-id-meta":"","stick-header-meta":"","header-above-stick-meta":"","header-main-stick-meta":"","header-below-stick-meta":"","astra-migrate-meta-layouts":"set","ast-page-background-enabled":"default","ast-page-background-meta":{"desktop":{"background-color":"var(--ast-global-color-5)","background-image":"","background-repeat":"repeat","background-position":"center center","background-size":"auto","background-attachment":"scroll","background-type":"","background-media":"","overlay-type":"","overlay-color":"","overlay-opacity":"","overlay-gradient":""},"tablet":{"background-color":"","background-image":"","background-repeat":"repeat","background-position":"center center","background-size":"auto","background-attachment":"scroll","background-type":"","background-media":"","overlay-type":"","overlay-color":"","overlay-opacity":"","overlay-gradient":""},"mobile":{"background-color":"","background-image":"","background-repeat":"repeat","background-position":"center center","background-size":"auto","background-attachment":"scroll","background-type":"","background-media":"","overlay-type":"","overlay-color":"","overlay-opacity":"","overlay-gradient":""}},"ast-content-background-meta":{"desktop":{"background-color":"var(--ast-global-color-4)","background-image":"","background-repeat":"repeat","background-position":"center center","background-size":"auto","background-attachment":"scroll","background-type":"","background-media":"","overlay-type":"","overlay-color":"","overlay-opacity":"","overlay-gradient":""},"tablet":{"background-color":"var(--ast-global-color-4)","background-image":"","background-repeat":"repeat","background-position":"center center","background-size":"auto","background-attachment":"scroll","background-type":"","background-media":"","overlay-type":"","overlay-color":"","overlay-opacity":"","overlay-gradient":""},"mobile":{"background-color":"var(--ast-global-color-4)","background-image":"","background-repeat":"repeat","background-position":"center center","background-size":"auto","background-attachment":"scroll","background-type":"","background-media":"","overlay-type":"","overlay-color":"","overlay-opacity":"","overlay-gradient":""}},"two_page_speed":[],"footnotes":""},"class_list":["post-2121","page","type-page","status-publish","hentry"],"yoast_head":"<!-- This site is optimized with the Yoast SEO plugin v26.5 - https:\/\/yoast.com\/wordpress\/plugins\/seo\/ -->\n<title>toMAgo radionice - toMAgo<\/title>\n<meta name=\"robots\" content=\"index, follow, max-snippet:-1, max-image-preview:large, max-video-preview:-1\" \/>\n<link rel=\"canonical\" href=\"https:\/\/tomago.net\/wordpress\/tomago-radionice\/\" \/>\n<meta property=\"og:locale\" content=\"hr_HR\" \/>\n<meta property=\"og:type\" content=\"article\" \/>\n<meta property=\"og:title\" content=\"toMAgo radionice - toMAgo\" \/>\n<meta property=\"og:description\" content=\"toMAgo minijature Marije Igaly od svojih su po\u010detaka izazivale velik interes i brojna pitanja. Svoju jedinstvenu tehniku autorica je rado [&hellip;]\" \/>\n<meta property=\"og:url\" content=\"https:\/\/tomago.net\/wordpress\/tomago-radionice\/\" \/>\n<meta property=\"og:site_name\" content=\"toMAgo\" \/>\n<meta property=\"article:modified_time\" content=\"2026-03-28T16:35:58+00:00\" \/>\n<meta property=\"og:image\" content=\"https:\/\/tomago.net\/wordpress\/wp-content\/uploads\/2018\/09\/igaly-web.jpg\" \/>\n\t<meta property=\"og:image:width\" content=\"500\" \/>\n\t<meta property=\"og:image:height\" content=\"619\" \/>\n\t<meta property=\"og:image:type\" content=\"image\/jpeg\" \/>\n<meta name=\"twitter:card\" content=\"summary_large_image\" \/>\n<meta name=\"twitter:label1\" content=\"Procijenjeno vrijeme \u010ditanja\" \/>\n\t<meta name=\"twitter:data1\" content=\"1 minuta\" \/>\n<script type=\"application\/ld+json\" class=\"yoast-schema-graph\">{\"@context\":\"https:\/\/schema.org\",\"@graph\":[{\"@type\":\"WebPage\",\"@id\":\"https:\/\/tomago.net\/wordpress\/tomago-radionice\/\",\"url\":\"https:\/\/tomago.net\/wordpress\/tomago-radionice\/\",\"name\":\"toMAgo radionice - toMAgo\",\"isPartOf\":{\"@id\":\"https:\/\/tomago.net\/wordpress\/#website\"},\"datePublished\":\"2026-02-20T10:17:21+00:00\",\"dateModified\":\"2026-03-28T16:35:58+00:00\",\"breadcrumb\":{\"@id\":\"https:\/\/tomago.net\/wordpress\/tomago-radionice\/#breadcrumb\"},\"inLanguage\":\"hr\",\"potentialAction\":[{\"@type\":\"ReadAction\",\"target\":[\"https:\/\/tomago.net\/wordpress\/tomago-radionice\/\"]}]},{\"@type\":\"BreadcrumbList\",\"@id\":\"https:\/\/tomago.net\/wordpress\/tomago-radionice\/#breadcrumb\",\"itemListElement\":[{\"@type\":\"ListItem\",\"position\":1,\"name\":\"Po\u010detna stranica\",\"item\":\"https:\/\/tomago.net\/wordpress\/\"},{\"@type\":\"ListItem\",\"position\":2,\"name\":\"toMAgo radionice\"}]},{\"@type\":\"WebSite\",\"@id\":\"https:\/\/tomago.net\/wordpress\/#website\",\"url\":\"https:\/\/tomago.net\/wordpress\/\",\"name\":\"toMAgo\",\"description\":\"\u010dudesan svijet latica\",\"publisher\":{\"@id\":\"https:\/\/tomago.net\/wordpress\/#\/schema\/person\/0cea4facb1a1b958c7b369f25c79d242\"},\"potentialAction\":[{\"@type\":\"SearchAction\",\"target\":{\"@type\":\"EntryPoint\",\"urlTemplate\":\"https:\/\/tomago.net\/wordpress\/?s={search_term_string}\"},\"query-input\":{\"@type\":\"PropertyValueSpecification\",\"valueRequired\":true,\"valueName\":\"search_term_string\"}}],\"inLanguage\":\"hr\"},{\"@type\":[\"Person\",\"Organization\"],\"@id\":\"https:\/\/tomago.net\/wordpress\/#\/schema\/person\/0cea4facb1a1b958c7b369f25c79d242\",\"name\":\"gigaly\",\"image\":{\"@type\":\"ImageObject\",\"inLanguage\":\"hr\",\"@id\":\"https:\/\/tomago.net\/wordpress\/#\/schema\/person\/image\/\",\"url\":\"https:\/\/tomago.net\/wordpress\/wp-content\/uploads\/2023\/03\/tomago_logo-1.jpg\",\"contentUrl\":\"https:\/\/tomago.net\/wordpress\/wp-content\/uploads\/2023\/03\/tomago_logo-1.jpg\",\"width\":250,\"height\":250,\"caption\":\"gigaly\"},\"logo\":{\"@id\":\"https:\/\/tomago.net\/wordpress\/#\/schema\/person\/image\/\"}}]}<\/script>\n<!-- \/ Yoast SEO plugin. -->","yoast_head_json":{"title":"toMAgo radionice - toMAgo","robots":{"index":"index","follow":"follow","max-snippet":"max-snippet:-1","max-image-preview":"max-image-preview:large","max-video-preview":"max-video-preview:-1"},"canonical":"https:\/\/tomago.net\/wordpress\/tomago-radionice\/","og_locale":"hr_HR","og_type":"article","og_title":"toMAgo radionice - toMAgo","og_description":"toMAgo minijature Marije Igaly od svojih su po\u010detaka izazivale velik interes i brojna pitanja. Svoju jedinstvenu tehniku autorica je rado [&hellip;]","og_url":"https:\/\/tomago.net\/wordpress\/tomago-radionice\/","og_site_name":"toMAgo","article_modified_time":"2026-03-28T16:35:58+00:00","og_image":[{"width":500,"height":619,"url":"https:\/\/tomago.net\/wordpress\/wp-content\/uploads\/2018\/09\/igaly-web.jpg","type":"image\/jpeg"}],"twitter_card":"summary_large_image","twitter_misc":{"Procijenjeno vrijeme \u010ditanja":"1 minuta"},"schema":{"@context":"https:\/\/schema.org","@graph":[{"@type":"WebPage","@id":"https:\/\/tomago.net\/wordpress\/tomago-radionice\/","url":"https:\/\/tomago.net\/wordpress\/tomago-radionice\/","name":"toMAgo radionice - toMAgo","isPartOf":{"@id":"https:\/\/tomago.net\/wordpress\/#website"},"datePublished":"2026-02-20T10:17:21+00:00","dateModified":"2026-03-28T16:35:58+00:00","breadcrumb":{"@id":"https:\/\/tomago.net\/wordpress\/tomago-radionice\/#breadcrumb"},"inLanguage":"hr","potentialAction":[{"@type":"ReadAction","target":["https:\/\/tomago.net\/wordpress\/tomago-radionice\/"]}]},{"@type":"BreadcrumbList","@id":"https:\/\/tomago.net\/wordpress\/tomago-radionice\/#breadcrumb","itemListElement":[{"@type":"ListItem","position":1,"name":"Po\u010detna stranica","item":"https:\/\/tomago.net\/wordpress\/"},{"@type":"ListItem","position":2,"name":"toMAgo radionice"}]},{"@type":"WebSite","@id":"https:\/\/tomago.net\/wordpress\/#website","url":"https:\/\/tomago.net\/wordpress\/","name":"toMAgo","description":"\u010dudesan svijet latica","publisher":{"@id":"https:\/\/tomago.net\/wordpress\/#\/schema\/person\/0cea4facb1a1b958c7b369f25c79d242"},"potentialAction":[{"@type":"SearchAction","target":{"@type":"EntryPoint","urlTemplate":"https:\/\/tomago.net\/wordpress\/?s={search_term_string}"},"query-input":{"@type":"PropertyValueSpecification","valueRequired":true,"valueName":"search_term_string"}}],"inLanguage":"hr"},{"@type":["Person","Organization"],"@id":"https:\/\/tomago.net\/wordpress\/#\/schema\/person\/0cea4facb1a1b958c7b369f25c79d242","name":"gigaly","image":{"@type":"ImageObject","inLanguage":"hr","@id":"https:\/\/tomago.net\/wordpress\/#\/schema\/person\/image\/","url":"https:\/\/tomago.net\/wordpress\/wp-content\/uploads\/2023\/03\/tomago_logo-1.jpg","contentUrl":"https:\/\/tomago.net\/wordpress\/wp-content\/uploads\/2023\/03\/tomago_logo-1.jpg","width":250,"height":250,"caption":"gigaly"},"logo":{"@id":"https:\/\/tomago.net\/wordpress\/#\/schema\/person\/image\/"}}]}},"_links":{"self":[{"href":"https:\/\/tomago.net\/wordpress\/wp-json\/wp\/v2\/pages\/2121","targetHints":{"allow":["GET"]}}],"collection":[{"href":"https:\/\/tomago.net\/wordpress\/wp-json\/wp\/v2\/pages"}],"about":[{"href":"https:\/\/tomago.net\/wordpress\/wp-json\/wp\/v2\/types\/page"}],"author":[{"embeddable":true,"href":"https:\/\/tomago.net\/wordpress\/wp-json\/wp\/v2\/users\/1"}],"replies":[{"embeddable":true,"href":"https:\/\/tomago.net\/wordpress\/wp-json\/wp\/v2\/comments?post=2121"}],"version-history":[{"count":15,"href":"https:\/\/tomago.net\/wordpress\/wp-json\/wp\/v2\/pages\/2121\/revisions"}],"predecessor-version":[{"id":2250,"href":"https:\/\/tomago.net\/wordpress\/wp-json\/wp\/v2\/pages\/2121\/revisions\/2250"}],"wp:attachment":[{"href":"https:\/\/tomago.net\/wordpress\/wp-json\/wp\/v2\/media?parent=2121"}],"curies":[{"name":"wp","href":"https:\/\/api.w.org\/{rel}","templated":true}]}}