{"id":35,"date":"2018-03-14T00:31:33","date_gmt":"2018-03-14T00:31:33","guid":{"rendered":"http:\/\/tomago.net\/wordpress\/?p=35"},"modified":"2026-02-22T22:46:53","modified_gmt":"2026-02-22T21:46:53","slug":"marija-igaly-popis-samostalnih-izlozbi","status":"publish","type":"page","link":"https:\/\/tomago.net\/wordpress\/marija-igaly-popis-samostalnih-izlozbi\/","title":{"rendered":"Popis samostalnih izlo\u017ebi"},"content":{"rendered":"\r\n<h1 class=\"wp-block-heading\">Popis samostalnih izlo\u017ebi Marije Igaly<\/h1>\r\n<p>U tijeku je sre\u0111ivanje ostav\u0161tine Marije Igaly te se izra\u0111uje toMAgo arhiv. U sklopu ovog postupka dopunjava se i ovaj popis.<\/p>\r\n<h2>2024.<\/h2>\r\n<p>Zagreb, Galerija &#8220;Vidrica&#8221; Dje\u010dje knji\u017enice Marina Dr\u017ei\u0107a &#8211; [<a href=\"http:\/\/www.tomago.net\/wordpress\/tag\/IZL-S-005\" target=\"_blank\" rel=\"noopener\">IZL-S-005<\/a>]<\/p>\r\n<h2 class=\"wp-block-heading\">2023.<\/h2>\r\n\r\n\r\n\r\n<figure class=\"wp-block-table\">\r\n<table class=\"has-fixed-layout\">\r\n<tbody>\r\n<tr>\r\n<td>Mraclin, 6.11.2023.<\/td>\r\n<td><style>      div.simple-google-photos-grid {\n        width:100%;\n        height:100%;\n        overflow:hidden;\n      }\n      div.simple-google-photos-grid-cell {\n        box-sizing:border-box;\n        padding:5px;\n        float:left;\n      }\n      img.simple-google-photos-grid-image {\n        object-fit: cover;\n      }<\/style><div class=\"simple-google-photos-grid\"><div class=\"simple-google-photos-grid-cell\" style=\"width:33%\"><a href=\"https:\/\/photos.app.goo.gl\/2WAjqiYLBGxZPaMcA\" target=\"_blank\"><img decoding=\"async\" src=\"https:\/\/lh3.googleusercontent.com\/pw\/AP1GczPBZxcOAg5gE6LW2fddb0qBWz9lp-DqRWF4OFCORm73ksoCuiEV3utOWtiNuD_mvruzWDCtSNZgZ7-0GY9OXL-3c4l-NPj_F5uYvGqIUAYmPo5kykg\" alt=\"Google Photo\" class=\"simple-google-photos-grid-image\"><\/a><\/div><div class=\"simple-google-photos-grid-cell\" style=\"width:33%\"><a href=\"https:\/\/photos.app.goo.gl\/2WAjqiYLBGxZPaMcA\" target=\"_blank\"><img decoding=\"async\" src=\"https:\/\/lh3.googleusercontent.com\/pw\/AP1GczPcdX09Hv-CjI0NPWv3MJ6hNiZo_Z1gkKPPSjjT9YeU-Q2I2Ebcnp0pEsg00eiKi9wrUsf3kdl7jfGQqWbIy8peiC0oxtEs6s-2pXcmMQxbzVlKKCs\" alt=\"Google Photo\" class=\"simple-google-photos-grid-image\"><\/a><\/div><div class=\"simple-google-photos-grid-cell\" style=\"width:33%\"><a href=\"https:\/\/photos.app.goo.gl\/2WAjqiYLBGxZPaMcA\" target=\"_blank\"><img decoding=\"async\" src=\"https:\/\/lh3.googleusercontent.com\/pw\/AP1GczMqrmeEi0IEF4p5g4wK12dQ68HzurNv1ohWRZ7jrmPQks98loCwfM_FewSW7QLzYBNUKtjS12WKZ0zHqZKoPckQmC2JWDowxhba-96rzKKnDYXS95g\" alt=\"Google Photo\" class=\"simple-google-photos-grid-image\"><\/a><\/div><\/div><script>      (function() {\n        if( window.jQuery ){\n          jQuery( document ).ready(function() {\n            jQuery(\"div.simple-google-photos-grid\").each(function(i){\n              var container = jQuery(this);\n              var width = container.find(\"div.simple-google-photos-grid-cell\").first().width();\n              container.find(\"img.simple-google-photos-grid-image\").css(\"width\", width).css(\"height\", width);\n            });\n          });\n        }\n      })();<\/script><\/td>\r\n<\/tr>\r\n<tr>\r\n<td>\u00a0<\/td>\r\n<td>\u00a0<\/td>\r\n<\/tr>\r\n<\/tbody>\r\n<\/table>\r\n<\/figure>\r\n\r\n\r\n\r\n<h2 class=\"wp-block-heading\">2022.<\/h2>\r\n\r\n\r\n\r\n<figure class=\"wp-block-table\">\r\n<table class=\"has-fixed-layout\">\r\n<tbody>\r\n<tr>\r\n<td>Zagreb, Knji\u017enica Marije Juri\u0107 Zagorke, 7.6.2022.<\/td>\r\n<td><style><\/style><div class=\"simple-google-photos-grid\"><div class=\"simple-google-photos-grid-cell\" style=\"width:33%\"><a href=\"https:\/\/photos.app.goo.gl\/Ct6eGJgm5BD4j8uVA\" target=\"_blank\"><img decoding=\"async\" src=\"https:\/\/lh3.googleusercontent.com\/pw\/AP1GczOgTYgYqr8ruWTMnBGXmrue1gscvLvZQbC-yjnZuenzO0U55QWJU3TJOgwAJXp5hJQSvLMokt7YLt5U2JFNCDajK0g_e2Udg66Vz4ZbfHWKRPm-4lA\" alt=\"Google Photo\" class=\"simple-google-photos-grid-image\"><\/a><\/div><div class=\"simple-google-photos-grid-cell\" style=\"width:33%\"><a href=\"https:\/\/photos.app.goo.gl\/Ct6eGJgm5BD4j8uVA\" target=\"_blank\"><img decoding=\"async\" src=\"https:\/\/lh3.googleusercontent.com\/pw\/AP1GczMt7SlbYxuQPWv3gT0rGWmstmHFPBR47mlf5A5aULJ8fx_V12zfNvdbxnIbZeqgcFWc3Dmdn296T7uCEBKEl2lE6nnI6HzxlYwMYGOjIyxSUYUEIcQ\" alt=\"Google Photo\" class=\"simple-google-photos-grid-image\"><\/a><\/div><div class=\"simple-google-photos-grid-cell\" style=\"width:33%\"><a href=\"https:\/\/photos.app.goo.gl\/Ct6eGJgm5BD4j8uVA\" target=\"_blank\"><img decoding=\"async\" src=\"https:\/\/lh3.googleusercontent.com\/pw\/AP1GczNTJovQQwvI4zcLhgrPceX2UlkKMpRwewAj9BVMskZSSDf8gimKWLpr5smv9SzVkYbl2vLi97DhiXY1qP1AEHRE0vQPgROQn7YpYIEiqEsb03YGxwU\" alt=\"Google Photo\" class=\"simple-google-photos-grid-image\"><\/a><\/div><\/div><\/td>\r\n<\/tr>\r\n<tr>\r\n<td>\u00a0<\/td>\r\n<td>\u00a0<\/td>\r\n<\/tr>\r\n<\/tbody>\r\n<\/table>\r\n<\/figure>\r\n\r\n\r\n\r\n<h2 class=\"wp-block-heading\">2019.<\/h2>\r\n<p>Samobor, Galerija Prica, 9.12.2019- &#8211; 5.1.2020. [<a href=\"http:\/\/www.tomago.net\/wordpress\/tag\/IZL-S-003\" target=\"_blank\" rel=\"noopener\">IZL-S-003<\/a>]\u00a0<\/p>\r\n<h2>2017.<\/h2>\r\n<p>Zagreb, Knji\u017enica Bogdana Ogrizovi\u0107a &#8211; (<a href=\"http:\/\/www.tomago.net\/wordpress\/tag\/IZL-S-002\">IZL-S-002<\/a>)<\/p>\r\n<h2 class=\"wp-block-heading\">2016.<\/h2>\r\n\r\n\r\n\r\n<p>Zagreb, Knji\u017enica Tina Ujevi\u0107a<br \/>Zagreb, Dani otvorenih vrata Sindikalne podru\u017enice umirovljenika &#8220;Studentski grad&#8221;<br \/>Zagreb, Galerija Kulturnog centra Travno, 4.-14.11.2016. [<a href=\"\/wordpress\/tag\/IZL-S-0010\" target=\"_blank\" rel=\"noopener\">IZL-S-0010<\/a>]<\/p>\r\n\r\n\r\n\r\n<p><strong>2015.<\/strong><br \/>Vela Luka, Centar za kulturu<br \/>Zagreb, Matica umirovljenika Grada, Zvonimirova 17<br \/>Zagreb, Galerija &#8220;Slava Ra\u0161kaj&#8221; (Vrap\u010de)<br \/>Medulin, Galerija Lo\u017ea<\/p>\r\n\r\n\r\n\r\n<p><strong>2014.<\/strong><br \/>Zagreb, Knji\u017enica Dubrava<\/p>\r\n\r\n\r\n\r\n<p><strong>2013.<\/strong><br \/>Karlovac, Gradska knji\u017enica Ivan Goran Kova\u010di\u0107&#8221;, Izlo\u017ebeni salon &#8220;Ljudevit \u0160esti\u0107&#8221;<br \/>Split, Gradska knji\u017enica &#8220;Marko Maruli\u0107&#8221;<br \/>Drvenik, Stara \u0161kola<br \/>Opuzen, Gradska galerija<br \/>Zagreb, Dom umirovljenika Ravnice<\/p>\r\n\r\n\r\n\r\n<p><strong>2012.<\/strong><br \/>Novska, Gradska knji\u017enica, 9.11.-1.12.<br \/>Topusko, Narodna knji\u017enica, 18.10.-15.11.<br \/>Lipik, Multikulturalni centar, 18.4.-9.5.<br \/>Karlovac, Dom umirovljenika, 29.3.-27.4.<br \/>Plo\u010de, Knji\u017enica Plo\u010de, 7.3.-22.3.<\/p>\r\n\r\n\r\n\r\n<h2 class=\"wp-block-heading\">2011.<\/h2>\r\n\r\n\r\n\r\n<figure class=\"wp-block-table\">\r\n<table class=\"has-fixed-layout\">\r\n<tbody>\r\n<tr>\r\n<td>Zagreb, Botani\u010dki vrt PMF-a, Izlo\u017ebeni paviljon, 16.6.-10.7.2011.<\/td>\r\n<td>\u00a0<\/td>\r\n<\/tr>\r\n<tr>\r\n<td>\u00a0<\/td>\r\n<td>\u00a0<\/td>\r\n<\/tr>\r\n<\/tbody>\r\n<\/table>\r\n<\/figure>\r\n<p>Zagreb, Knji\u017enica Dugave, 24.3.-16.5.2011. (<a href=\"http:\/\/www.tomago.net\/wordpress\/tag\/IZL-S-006\">IZL-S-006<\/a>)<\/p>\r\n<p>&nbsp;<\/p>\r\n<p><strong>2010.<\/strong><br \/>Mraclin, Galerija u Zgradi, 16.6.-3.7.<br \/>Zagreb, Knji\u017enica Slobo\u0161tina, 5.6.-9.7.<br \/>Zagreb, Knji\u017enica Pre\u010dko, 1.6.-8.6.<br \/>Krasno, Nacionalni park Sjeverni Velebit, 22.5.-15.7.<br \/>Senj, Knji\u017enica Senj, 20.4.-21.5.<br \/>Zagreb, Botani\u010dki vrt PMF-a, Izlo\u017ebeni paviljon, 10.4.-25.4.<\/p>\r\n\r\n\r\n\r\n<p><strong>2009.<\/strong><br \/>Zagreb, Knji\u017enica Tina Ujevi\u0107a<\/p>\r\n\r\n\r\n\r\n<p><strong>2008.<\/strong><br \/>Zagreb, Klub umirovljenika Hrvatskih \u017eeljeznica<br \/>Zagreb, Uli\u010dna galerija Likum<\/p>\r\n\r\n\r\n\r\n<p><strong>2007.<\/strong><br \/>Zagreb, Volksbank &#8211; Hrvatska, Poslovnica &#8211; Ra\u010dkoga 9<\/p>\r\n\r\n\r\n\r\n<p><strong>2006.<\/strong><br \/>Austrija, Be\u010d, Feldenkrais Zentrum<\/p>\r\n\r\n\r\n\r\n<p><strong>2005.<\/strong><br \/>Sisak, Narodna knji\u017enica i \u010ditaonica Sisak, Dje\u010dji odjel<br \/>Zagreb, U\u010deni\u010dki dom Marije Jambri\u0161ak, Opati\u010dka 14<\/p>\r\n\r\n\r\n\r\n<p><strong>2004.<\/strong><br \/>Zagreb, Galerija Udruge likovnih umjetnika &#8220;Grupa &#8217;69&#8221;, Palmoti\u0107eva 13<br \/>Topusko, Knji\u017enica i \u010ditaonica<br \/>Zagreb, Galerija Gunduli\u0107<\/p>\r\n\r\n\r\n\r\n<p><strong>2003.<\/strong><br \/>Zagreb, Me\u0111unarodni centar za usluge u kulturi<br \/>Zagreb, Galerija &#8220;AMACIZ&#8221;, Maruli\u0107ev trg 19, 21.5. &#8211; 11.6.2003. [IZL-S-007]<br \/>Hrvatska Dubica, Narodna knji\u017enica i \u010ditaonica &#8220;Ivo Kozar\u010danin&#8221;<br \/>Hrvatska Kostajnica, Gradska Knji\u017enica i \u010ditaonica<br \/>Glina, Knji\u017enica i \u010ditaonica<\/p>\r\n\r\n\r\n\r\n<p><strong>2002.<\/strong><br \/>Zagreb, Knji\u017enica Vjekoslava Majera, 10.10.2002. &#8211; 30.11.2002. [IZL-S-004]<\/p>\r\n\r\n\r\n\r\n<figure class=\"wp-block-image alignright\"><img loading=\"lazy\" decoding=\"async\" width=\"300\" height=\"202\" class=\"wp-image-38\" src=\"https:\/\/tomago.net\/wordpress\/wp-content\/uploads\/2018\/03\/IZL2_Etnografski.jpg\" alt=\"Izlo\u017eba u Etnografskom muzeju\" \/><\/figure>\r\n\r\n\r\n\r\n<p><strong>2001.<\/strong><br \/>Zagreb, Etnografski muzej, 19.7. &#8211; 28.8.2001. [IZL-S-008]<\/p>\r\n\r\n\r\n\r\n<p><strong>2000.<\/strong><br \/>Pore\u010d, Hotel &#8220;Pical&#8221;, Predvorje Kongresne dvorane<br \/>Zagreb, Galerija &#8220;Nikola Tesla&#8221; &#8211; Ericsson<\/p>\r\n\r\n\r\n\r\n<p><strong>1998.<\/strong><br \/>Dubrovnik, Salon od zrcala &#8211; Dubrova\u010dka knji\u017enica<\/p>\r\n\r\n\r\n\r\n<p><strong>1997.<\/strong><br \/>Opatija, Gradska knji\u017enica i \u010ditaonica<br \/>Zagreb, Gradska knji\u017enica, Star\u010devi\u0107ev trg<br \/>Donja Stubica, Galerija Narodnog sveu\u010dili\u0161ta<\/p>\r\n\r\n\r\n\r\n<p><strong>1996.<\/strong><br \/>Zagreb, Knji\u017enica Dugave<br \/>Zagreb, Knji\u017enica \u0160pansko<\/p>\r\n\r\n\r\n\r\n<p><strong>1995.<\/strong><br \/>Ma\u0111arska, Pe\u010duh, Hrvatski klub \u201cAugust \u0160enoa\u201d<br \/>Ma\u0111arska, Nagyatad, Gradska galerija<br \/>Zagreb, Knji\u017enica Travno<\/p>\r\n\r\n\r\n\r\n<h2>1994.<\/h2>\r\n<p>Osijek, Osnovna \u0161kola \u201cTin Ujevi\u0107\u201d<\/p>\r\n<p>Osijek, Tehni\u010dka \u0161kola (elektro i strojarstvo)<\/p>\r\n<p>\u0110akovo, Slavonska banka<\/p>\r\n<p>Osijek, Tekstilna \u0161kola<\/p>\r\n<p>Osijek, Osnovna \u0161kola \u201cGrigor Vitez\u201d<\/p>\r\n<p>Koprivnica, Galerija \u201cPodravka\u201d<\/p>\r\n<p>Zagreb, Centar &#8220;Slava Ra\u0161kaj&#8221;, 28.2.1994. [IZL-S-009]<\/p>\r\n\r\n\r\n\r\n\r\n\r\n<h2><strong>1990.<\/strong><\/h2>\r\n<p>Sisak, Galerija Glass<br \/>Sisak, Upravna zgrada INA-Rafinerija nafte Sisak<br \/><a href=\"https:\/\/photos.app.goo.gl\/kQnGViXcG2HXjm7u6\" target=\"_blank\" rel=\"noopener\"><img decoding=\"async\" class=\"alignnone size-thumbnail wp-image-2009\" src=\"https:\/\/tomago.net\/wordpress\/wp-content\/uploads\/2018\/03\/Marija-Igaly-i-Antun-Bauer2-150x150.jpg\" alt=\"\" width=\"75\" srcset=\"https:\/\/tomago.net\/wordpress\/wp-content\/uploads\/2018\/03\/Marija-Igaly-i-Antun-Bauer2-150x150.jpg 150w, https:\/\/tomago.net\/wordpress\/wp-content\/uploads\/2018\/03\/Marija-Igaly-i-Antun-Bauer2-300x300.jpg 300w, https:\/\/tomago.net\/wordpress\/wp-content\/uploads\/2018\/03\/Marija-Igaly-i-Antun-Bauer2-1024x1024.jpg 1024w, https:\/\/tomago.net\/wordpress\/wp-content\/uploads\/2018\/03\/Marija-Igaly-i-Antun-Bauer2-768x767.jpg 768w, https:\/\/tomago.net\/wordpress\/wp-content\/uploads\/2018\/03\/Marija-Igaly-i-Antun-Bauer2-1536x1534.jpg 1536w, https:\/\/tomago.net\/wordpress\/wp-content\/uploads\/2018\/03\/Marija-Igaly-i-Antun-Bauer2-600x600.jpg 600w, https:\/\/tomago.net\/wordpress\/wp-content\/uploads\/2018\/03\/Marija-Igaly-i-Antun-Bauer2.jpg 1572w\" sizes=\"(max-width: 150px) 100vw, 150px\" \/> <\/a><a href=\"https:\/\/photos.app.goo.gl\/kQnGViXcG2HXjm7u6\" target=\"_blank\" rel=\"noopener\">Zagreb, Galerija \u201cNikola Tesla\u201d<\/a>\u00a0<\/p>\r\n\r\n\r\n\r\n<p><strong>1989.<\/strong><br \/>Zagreb, Klub umirovljenika op\u0107ine Centar<\/p>\r\n\r\n\r\n\r\n<p><strong>1988.<\/strong><br \/>Zagreb, Galerija \u201cSlavija-Lloyd\u201d<br \/>Nizozemska, Rotterdam, Galerie t&#8217;Lispunt<br \/>Nizozemska, Amsterdam, Klub Jugoslavena<\/p>\r\n\r\n\r\n\r\n<p><strong>1987.<\/strong><br \/>Zagreb, Knji\u017enica Savski Gaj<br \/>Zagreb, Centar za odgoj i obrazovanje \u201cSlava Ra\u0161kaj\u201d<br \/>Zagreb, Galerija \u201cRavnice\u201d<\/p>\r\n\r\n\r\n\r\n<figure class=\"wp-block-image alignright\"><img loading=\"lazy\" decoding=\"async\" width=\"300\" height=\"204\" class=\"wp-image-36\" src=\"https:\/\/tomago.net\/wordpress\/wp-content\/uploads\/2018\/03\/IZL3_OtvorenjeEtnografski.jpg\" alt=\"Otvorenje izlo\u017ebe u Etnografskom muzeju\" \/><\/figure>\r\n\r\n\r\n\r\n<p><strong>1986.<\/strong><br \/>Zagreb, Galerija \u201cTrikulium\u201d<br \/>Zagreb, Galerija \u201cSlavija-Lloyd\u201d<br \/>Zagreb, Galerija MZ \u201cBra\u0107a Ribar\u201d<\/p>\r\n\r\n\r\n\r\n<p><strong>1985.<\/strong><br \/>Rijeka, Klub samoupravlja\u010da<br \/>Rijeka, Klub za starije osobe \u201cPotok\u201d<br \/>Zagreb, Galerija \u201cTrikulium\u201d<br \/>Zagreb, Galerija RO \u201cDukat\u201d<br \/>Kardeljevo, Galerija Doma kulture<br \/>Novi Marof, Vara\u017edinska banka<br \/>Vara\u017edin, Dje\u010dja banka \u201cKlinci\u201d<br \/>Vrboska, Atelier \u201cLucika\u201d<br \/>Stari Grad na Hvaru, Dom kulture<\/p>\r\n\r\n<p>&nbsp;<\/p>\r\n\r\n<p><strong>1984.<\/strong><br \/>Sisak, Narodna knji\u017enica i \u010ditaonica<br \/>Suhopolje, Dom kulture<br \/>Vrboska, Galerija Lucije Matkovi\u0107<\/p>\r\n\r\n\r\n\r\n<p><strong>1983.<\/strong><br \/>Daruvar, Dom kulture<br \/>Plitvice, Hotel \u201cJezero\u201d<br \/>Vrboska, Galerija Lucije Matkovi\u0107<\/p>\r\n\r\n\r\n\r\n<p><strong>1982.<\/strong><br \/><a href=\"https:\/\/tomago.net\/wordpress\/wp-content\/uploads\/2018\/03\/Marija-Igaly-u-Knjiznici-Vjekoslav-Majer.jpg\"><img decoding=\"async\" class=\"alignnone size-thumbnail wp-image-2013\" src=\"https:\/\/tomago.net\/wordpress\/wp-content\/uploads\/2018\/03\/Marija-Igaly-u-Knjiznici-Vjekoslav-Majer-150x150.jpg\" alt=\"\" width=\"72\" \/><\/a> <a href=\"https:\/\/photos.app.goo.gl\/BF427tARCUK72Yv16\" target=\"_blank\" rel=\"noopener\">Zagreb, Izlozi Knji\u017enice \u201cVjekoslav Majer\u201d<\/a><br \/>Crikvenica, Narodna knji\u017enica i \u010ditaonica<br \/>Zagreb, Galerija Likovnog dru\u0161tva \u201cGrupa &#8217;69\u201d<\/p>\r\n\r\n\r\n\r\n<p><strong>1981.<\/strong><br \/><a href=\"https:\/\/photos.app.goo.gl\/jWhK163AmoiRic929\"><img decoding=\"async\" class=\"alignnone size-thumbnail wp-image-2002\" src=\"https:\/\/tomago.net\/wordpress\/wp-content\/uploads\/2018\/03\/Mali-lapidarij-1981-150x150.jpg\" alt=\"\" width=\"72\" \/><\/a> <a href=\"https:\/\/photos.app.goo.gl\/jWhK163AmoiRic929\" target=\"_blank\" rel=\"noopener\">Zagreb, Mali Lapidarij <\/a>\u00a0<\/p>\r\n","protected":false},"excerpt":{"rendered":"<p>Popis samostalnih izlo\u017ebi Marije Igaly U tijeku je sre\u0111ivanje ostav\u0161tine Marije Igaly te se izra\u0111uje toMAgo arhiv. U sklopu ovog [&hellip;]<\/p>\n","protected":false},"author":1,"featured_media":0,"parent":0,"menu_order":68,"comment_status":"closed","ping_status":"closed","template":"","meta":{"site-sidebar-layout":"default","site-content-layout":"","ast-site-content-layout":"default","site-content-style":"default","site-sidebar-style":"default","ast-global-header-display":"","ast-banner-title-visibility":"","ast-main-header-display":"","ast-hfb-above-header-display":"","ast-hfb-below-header-display":"","ast-hfb-mobile-header-display":"","site-post-title":"disabled","ast-breadcrumbs-content":"","ast-featured-img":"","footer-sml-layout":"","theme-transparent-header-meta":"default","adv-header-id-meta":"","stick-header-meta":"","header-above-stick-meta":"","header-main-stick-meta":"","header-below-stick-meta":"","astra-migrate-meta-layouts":"set","ast-page-background-enabled":"default","ast-page-background-meta":{"desktop":{"background-color":"var(--ast-global-color-5)","background-image":"","background-repeat":"repeat","background-position":"center center","background-size":"auto","background-attachment":"scroll","background-type":"","background-media":"","overlay-type":"","overlay-color":"","overlay-opacity":"","overlay-gradient":""},"tablet":{"background-color":"","background-image":"","background-repeat":"repeat","background-position":"center center","background-size":"auto","background-attachment":"scroll","background-type":"","background-media":"","overlay-type":"","overlay-color":"","overlay-opacity":"","overlay-gradient":""},"mobile":{"background-color":"","background-image":"","background-repeat":"repeat","background-position":"center center","background-size":"auto","background-attachment":"scroll","background-type":"","background-media":"","overlay-type":"","overlay-color":"","overlay-opacity":"","overlay-gradient":""}},"ast-content-background-meta":{"desktop":{"background-color":"var(--ast-global-color-4)","background-image":"","background-repeat":"repeat","background-position":"center center","background-size":"auto","background-attachment":"scroll","background-type":"","background-media":"","overlay-type":"","overlay-color":"","overlay-opacity":"","overlay-gradient":""},"tablet":{"background-color":"var(--ast-global-color-4)","background-image":"","background-repeat":"repeat","background-position":"center center","background-size":"auto","background-attachment":"scroll","background-type":"","background-media":"","overlay-type":"","overlay-color":"","overlay-opacity":"","overlay-gradient":""},"mobile":{"background-color":"var(--ast-global-color-4)","background-image":"","background-repeat":"repeat","background-position":"center center","background-size":"auto","background-attachment":"scroll","background-type":"","background-media":"","overlay-type":"","overlay-color":"","overlay-opacity":"","overlay-gradient":""}},"two_page_speed":[],"footnotes":""},"class_list":["post-35","page","type-page","status-publish","hentry"],"yoast_head":"<!-- This site is optimized with the Yoast SEO plugin v26.5 - https:\/\/yoast.com\/wordpress\/plugins\/seo\/ -->\n<title>Popis samostalnih izlo\u017ebi - toMAgo<\/title>\n<meta name=\"robots\" content=\"index, follow, max-snippet:-1, max-image-preview:large, max-video-preview:-1\" \/>\n<link rel=\"canonical\" href=\"https:\/\/tomago.net\/wordpress\/marija-igaly-popis-samostalnih-izlozbi\/\" \/>\n<meta property=\"og:locale\" content=\"hr_HR\" \/>\n<meta property=\"og:type\" content=\"article\" \/>\n<meta property=\"og:title\" content=\"Popis samostalnih izlo\u017ebi - toMAgo\" \/>\n<meta property=\"og:description\" content=\"Popis samostalnih izlo\u017ebi Marije Igaly U tijeku je sre\u0111ivanje ostav\u0161tine Marije Igaly te se izra\u0111uje toMAgo arhiv. U sklopu ovog [&hellip;]\" \/>\n<meta property=\"og:url\" content=\"https:\/\/tomago.net\/wordpress\/marija-igaly-popis-samostalnih-izlozbi\/\" \/>\n<meta property=\"og:site_name\" content=\"toMAgo\" \/>\n<meta property=\"article:modified_time\" content=\"2026-02-22T21:46:53+00:00\" \/>\n<meta property=\"og:image\" content=\"http:\/\/tomago.net\/wordpress\/wp-content\/uploads\/2018\/03\/IZL2_Etnografski.jpg\" \/>\n<meta name=\"twitter:card\" content=\"summary_large_image\" \/>\n<meta name=\"twitter:label1\" content=\"Procijenjeno vrijeme \u010ditanja\" \/>\n\t<meta name=\"twitter:data1\" content=\"4 minute\" \/>\n<script type=\"application\/ld+json\" class=\"yoast-schema-graph\">{\"@context\":\"https:\/\/schema.org\",\"@graph\":[{\"@type\":\"WebPage\",\"@id\":\"https:\/\/tomago.net\/wordpress\/marija-igaly-popis-samostalnih-izlozbi\/\",\"url\":\"https:\/\/tomago.net\/wordpress\/marija-igaly-popis-samostalnih-izlozbi\/\",\"name\":\"Popis samostalnih izlo\u017ebi - toMAgo\",\"isPartOf\":{\"@id\":\"https:\/\/tomago.net\/wordpress\/#website\"},\"primaryImageOfPage\":{\"@id\":\"https:\/\/tomago.net\/wordpress\/marija-igaly-popis-samostalnih-izlozbi\/#primaryimage\"},\"image\":{\"@id\":\"https:\/\/tomago.net\/wordpress\/marija-igaly-popis-samostalnih-izlozbi\/#primaryimage\"},\"thumbnailUrl\":\"http:\/\/tomago.net\/wordpress\/wp-content\/uploads\/2018\/03\/IZL2_Etnografski.jpg\",\"datePublished\":\"2018-03-14T00:31:33+00:00\",\"dateModified\":\"2026-02-22T21:46:53+00:00\",\"breadcrumb\":{\"@id\":\"https:\/\/tomago.net\/wordpress\/marija-igaly-popis-samostalnih-izlozbi\/#breadcrumb\"},\"inLanguage\":\"hr\",\"potentialAction\":[{\"@type\":\"ReadAction\",\"target\":[\"https:\/\/tomago.net\/wordpress\/marija-igaly-popis-samostalnih-izlozbi\/\"]}]},{\"@type\":\"ImageObject\",\"inLanguage\":\"hr\",\"@id\":\"https:\/\/tomago.net\/wordpress\/marija-igaly-popis-samostalnih-izlozbi\/#primaryimage\",\"url\":\"http:\/\/tomago.net\/wordpress\/wp-content\/uploads\/2018\/03\/IZL2_Etnografski.jpg\",\"contentUrl\":\"http:\/\/tomago.net\/wordpress\/wp-content\/uploads\/2018\/03\/IZL2_Etnografski.jpg\"},{\"@type\":\"BreadcrumbList\",\"@id\":\"https:\/\/tomago.net\/wordpress\/marija-igaly-popis-samostalnih-izlozbi\/#breadcrumb\",\"itemListElement\":[{\"@type\":\"ListItem\",\"position\":1,\"name\":\"Po\u010detna stranica\",\"item\":\"https:\/\/tomago.net\/wordpress\/\"},{\"@type\":\"ListItem\",\"position\":2,\"name\":\"Popis samostalnih izlo\u017ebi\"}]},{\"@type\":\"WebSite\",\"@id\":\"https:\/\/tomago.net\/wordpress\/#website\",\"url\":\"https:\/\/tomago.net\/wordpress\/\",\"name\":\"toMAgo\",\"description\":\"\u010dudesan svijet latica\",\"publisher\":{\"@id\":\"https:\/\/tomago.net\/wordpress\/#\/schema\/person\/0cea4facb1a1b958c7b369f25c79d242\"},\"potentialAction\":[{\"@type\":\"SearchAction\",\"target\":{\"@type\":\"EntryPoint\",\"urlTemplate\":\"https:\/\/tomago.net\/wordpress\/?s={search_term_string}\"},\"query-input\":{\"@type\":\"PropertyValueSpecification\",\"valueRequired\":true,\"valueName\":\"search_term_string\"}}],\"inLanguage\":\"hr\"},{\"@type\":[\"Person\",\"Organization\"],\"@id\":\"https:\/\/tomago.net\/wordpress\/#\/schema\/person\/0cea4facb1a1b958c7b369f25c79d242\",\"name\":\"gigaly\",\"image\":{\"@type\":\"ImageObject\",\"inLanguage\":\"hr\",\"@id\":\"https:\/\/tomago.net\/wordpress\/#\/schema\/person\/image\/\",\"url\":\"https:\/\/tomago.net\/wordpress\/wp-content\/uploads\/2023\/03\/tomago_logo-1.jpg\",\"contentUrl\":\"https:\/\/tomago.net\/wordpress\/wp-content\/uploads\/2023\/03\/tomago_logo-1.jpg\",\"width\":250,\"height\":250,\"caption\":\"gigaly\"},\"logo\":{\"@id\":\"https:\/\/tomago.net\/wordpress\/#\/schema\/person\/image\/\"}}]}<\/script>\n<!-- \/ Yoast SEO plugin. -->","yoast_head_json":{"title":"Popis samostalnih izlo\u017ebi - toMAgo","robots":{"index":"index","follow":"follow","max-snippet":"max-snippet:-1","max-image-preview":"max-image-preview:large","max-video-preview":"max-video-preview:-1"},"canonical":"https:\/\/tomago.net\/wordpress\/marija-igaly-popis-samostalnih-izlozbi\/","og_locale":"hr_HR","og_type":"article","og_title":"Popis samostalnih izlo\u017ebi - toMAgo","og_description":"Popis samostalnih izlo\u017ebi Marije Igaly U tijeku je sre\u0111ivanje ostav\u0161tine Marije Igaly te se izra\u0111uje toMAgo arhiv. U sklopu ovog [&hellip;]","og_url":"https:\/\/tomago.net\/wordpress\/marija-igaly-popis-samostalnih-izlozbi\/","og_site_name":"toMAgo","article_modified_time":"2026-02-22T21:46:53+00:00","og_image":[{"url":"http:\/\/tomago.net\/wordpress\/wp-content\/uploads\/2018\/03\/IZL2_Etnografski.jpg","type":"","width":"","height":""}],"twitter_card":"summary_large_image","twitter_misc":{"Procijenjeno vrijeme \u010ditanja":"4 minute"},"schema":{"@context":"https:\/\/schema.org","@graph":[{"@type":"WebPage","@id":"https:\/\/tomago.net\/wordpress\/marija-igaly-popis-samostalnih-izlozbi\/","url":"https:\/\/tomago.net\/wordpress\/marija-igaly-popis-samostalnih-izlozbi\/","name":"Popis samostalnih izlo\u017ebi - toMAgo","isPartOf":{"@id":"https:\/\/tomago.net\/wordpress\/#website"},"primaryImageOfPage":{"@id":"https:\/\/tomago.net\/wordpress\/marija-igaly-popis-samostalnih-izlozbi\/#primaryimage"},"image":{"@id":"https:\/\/tomago.net\/wordpress\/marija-igaly-popis-samostalnih-izlozbi\/#primaryimage"},"thumbnailUrl":"http:\/\/tomago.net\/wordpress\/wp-content\/uploads\/2018\/03\/IZL2_Etnografski.jpg","datePublished":"2018-03-14T00:31:33+00:00","dateModified":"2026-02-22T21:46:53+00:00","breadcrumb":{"@id":"https:\/\/tomago.net\/wordpress\/marija-igaly-popis-samostalnih-izlozbi\/#breadcrumb"},"inLanguage":"hr","potentialAction":[{"@type":"ReadAction","target":["https:\/\/tomago.net\/wordpress\/marija-igaly-popis-samostalnih-izlozbi\/"]}]},{"@type":"ImageObject","inLanguage":"hr","@id":"https:\/\/tomago.net\/wordpress\/marija-igaly-popis-samostalnih-izlozbi\/#primaryimage","url":"http:\/\/tomago.net\/wordpress\/wp-content\/uploads\/2018\/03\/IZL2_Etnografski.jpg","contentUrl":"http:\/\/tomago.net\/wordpress\/wp-content\/uploads\/2018\/03\/IZL2_Etnografski.jpg"},{"@type":"BreadcrumbList","@id":"https:\/\/tomago.net\/wordpress\/marija-igaly-popis-samostalnih-izlozbi\/#breadcrumb","itemListElement":[{"@type":"ListItem","position":1,"name":"Po\u010detna stranica","item":"https:\/\/tomago.net\/wordpress\/"},{"@type":"ListItem","position":2,"name":"Popis samostalnih izlo\u017ebi"}]},{"@type":"WebSite","@id":"https:\/\/tomago.net\/wordpress\/#website","url":"https:\/\/tomago.net\/wordpress\/","name":"toMAgo","description":"\u010dudesan svijet latica","publisher":{"@id":"https:\/\/tomago.net\/wordpress\/#\/schema\/person\/0cea4facb1a1b958c7b369f25c79d242"},"potentialAction":[{"@type":"SearchAction","target":{"@type":"EntryPoint","urlTemplate":"https:\/\/tomago.net\/wordpress\/?s={search_term_string}"},"query-input":{"@type":"PropertyValueSpecification","valueRequired":true,"valueName":"search_term_string"}}],"inLanguage":"hr"},{"@type":["Person","Organization"],"@id":"https:\/\/tomago.net\/wordpress\/#\/schema\/person\/0cea4facb1a1b958c7b369f25c79d242","name":"gigaly","image":{"@type":"ImageObject","inLanguage":"hr","@id":"https:\/\/tomago.net\/wordpress\/#\/schema\/person\/image\/","url":"https:\/\/tomago.net\/wordpress\/wp-content\/uploads\/2023\/03\/tomago_logo-1.jpg","contentUrl":"https:\/\/tomago.net\/wordpress\/wp-content\/uploads\/2023\/03\/tomago_logo-1.jpg","width":250,"height":250,"caption":"gigaly"},"logo":{"@id":"https:\/\/tomago.net\/wordpress\/#\/schema\/person\/image\/"}}]}},"_links":{"self":[{"href":"https:\/\/tomago.net\/wordpress\/wp-json\/wp\/v2\/pages\/35","targetHints":{"allow":["GET"]}}],"collection":[{"href":"https:\/\/tomago.net\/wordpress\/wp-json\/wp\/v2\/pages"}],"about":[{"href":"https:\/\/tomago.net\/wordpress\/wp-json\/wp\/v2\/types\/page"}],"author":[{"embeddable":true,"href":"https:\/\/tomago.net\/wordpress\/wp-json\/wp\/v2\/users\/1"}],"replies":[{"embeddable":true,"href":"https:\/\/tomago.net\/wordpress\/wp-json\/wp\/v2\/comments?post=35"}],"version-history":[{"count":42,"href":"https:\/\/tomago.net\/wordpress\/wp-json\/wp\/v2\/pages\/35\/revisions"}],"predecessor-version":[{"id":2001,"href":"https:\/\/tomago.net\/wordpress\/wp-json\/wp\/v2\/pages\/35\/revisions\/2001"}],"wp:attachment":[{"href":"https:\/\/tomago.net\/wordpress\/wp-json\/wp\/v2\/media?parent=35"}],"curies":[{"name":"wp","href":"https:\/\/api.w.org\/{rel}","templated":true}]}}